{"id":2538,"date":"2020-12-09T10:56:23","date_gmt":"2020-12-09T10:56:23","guid":{"rendered":"http:\/\/paradise.whl-staging.com\/seychelles\/"},"modified":"2024-02-15T15:40:14","modified_gmt":"2024-02-15T15:40:14","slug":"seychelles","status":"publish","type":"page","link":"https:\/\/www.paradisechalets.sc\/fr\/seychelles\/","title":{"rendered":"Seychelles"},"content":{"rendered":"<div class=\"fusion-fullwidth fullwidth-box fusion-builder-row-1 fusion-flex-container nonhundred-percent-fullwidth non-hundred-percent-height-scrolling\" style=\"background-color: #ffffff;background-position: center center;background-repeat: no-repeat;border-width: 0px 0px 0px 0px;border-color:#eae9e9;border-style:solid;\" ><div class=\"fusion-builder-row fusion-row fusion-flex-align-items-flex-start\" style=\"max-width:1216.8px;margin-left: calc(-4% \/ 2 );margin-right: calc(-4% \/ 2 );\"><div class=\"fusion-layout-column fusion_builder_column fusion-builder-column-0 fusion_builder_column_1_1 1_1 fusion-flex-column\"><div class=\"fusion-column-wrapper fusion-flex-justify-content-flex-start fusion-content-layout-column\" style=\"background-position:left top;background-repeat:no-repeat;-webkit-background-size:cover;-moz-background-size:cover;-o-background-size:cover;background-size:cover;padding: 0px 0px 0px 0px;\"><div class=\"fusion-text fusion-text-1\"><p>Un groupe de 115 \u00eeles au c\u0153ur de l\u2019oc\u00e9an Indien, \u00e0 plus de 1600 km au large des c\u00f4tes de l\u2019Afrique de l\u2019Est. Cet archipel abrite les plus belles plages du monde. Des rocheuses gigantesques form\u00e9es il y a des millions d\u2019ann\u00e9es vous offrent le plus beau cadre pour des vacances inoubliables sur une ile tropicale unique en son genre. Une destination populaire pour les couples en lune de miel. Les \u00eeles poss\u00e8dent des merveilles naturelles sans pareilles. Vous trouverez \u00e9galement la c\u00e9l\u00e8bre noix de Coco de mer, la tortue terrestre g\u00e9ante et une des plus belle faune et flore du monde.<\/p>\n<\/div><div ><span class=\" fusion-imageframe imageframe-none imageframe-1 hover-type-none\" style=\"margin-top:50px;margin-bottom:50px;\"><img width=\"1300\" height=\"731\" title=\"seychelles-paradise-chalets1\" src=\"https:\/\/cdn.paradisechalets.sc\/new-wordpress\/wp-content\/uploads\/2023\/01\/seychelles-paradise-chalets1.jpg\" class=\"img-responsive wp-image-4791\" srcset=\"https:\/\/cdn.paradisechalets.sc\/new-wordpress\/wp-content\/uploads\/2023\/01\/seychelles-paradise-chalets1-200x112.jpg 200w, https:\/\/cdn.paradisechalets.sc\/new-wordpress\/wp-content\/uploads\/2023\/01\/seychelles-paradise-chalets1-400x225.jpg 400w, https:\/\/cdn.paradisechalets.sc\/new-wordpress\/wp-content\/uploads\/2023\/01\/seychelles-paradise-chalets1-600x337.jpg 600w, https:\/\/cdn.paradisechalets.sc\/new-wordpress\/wp-content\/uploads\/2023\/01\/seychelles-paradise-chalets1-800x450.jpg 800w, https:\/\/cdn.paradisechalets.sc\/new-wordpress\/wp-content\/uploads\/2023\/01\/seychelles-paradise-chalets1-1200x675.jpg 1200w, https:\/\/cdn.paradisechalets.sc\/new-wordpress\/wp-content\/uploads\/2023\/01\/seychelles-paradise-chalets1.jpg 1300w\" sizes=\"(max-width: 1024px) 100vw, (max-width: 640px) 100vw, 1200px\" \/><\/span><\/div><div ><span class=\" fusion-imageframe imageframe-none imageframe-2 hover-type-none\"><img width=\"1300\" height=\"731\" title=\"seychelles-paradise-chalets\" src=\"https:\/\/cdn.paradisechalets.sc\/new-wordpress\/wp-content\/uploads\/2023\/01\/seychelles-paradise-chalets.jpg\" class=\"img-responsive wp-image-4795\" srcset=\"https:\/\/cdn.paradisechalets.sc\/new-wordpress\/wp-content\/uploads\/2023\/01\/seychelles-paradise-chalets-200x112.jpg 200w, https:\/\/cdn.paradisechalets.sc\/new-wordpress\/wp-content\/uploads\/2023\/01\/seychelles-paradise-chalets-400x225.jpg 400w, https:\/\/cdn.paradisechalets.sc\/new-wordpress\/wp-content\/uploads\/2023\/01\/seychelles-paradise-chalets-600x337.jpg 600w, https:\/\/cdn.paradisechalets.sc\/new-wordpress\/wp-content\/uploads\/2023\/01\/seychelles-paradise-chalets-800x450.jpg 800w, https:\/\/cdn.paradisechalets.sc\/new-wordpress\/wp-content\/uploads\/2023\/01\/seychelles-paradise-chalets-1200x675.jpg 1200w, https:\/\/cdn.paradisechalets.sc\/new-wordpress\/wp-content\/uploads\/2023\/01\/seychelles-paradise-chalets.jpg 1300w\" sizes=\"(max-width: 1024px) 100vw, (max-width: 640px) 100vw, 1200px\" \/><\/span><\/div><\/div><style type=\"text\/css\">.fusion-body .fusion-builder-column-0{width:100% !important;margin-top : 0px;margin-bottom : 20px;}.fusion-builder-column-0 > .fusion-column-wrapper {padding-top : 0px !important;padding-right : 0px !important;margin-right : 1.92%;padding-bottom : 0px !important;padding-left : 0px !important;margin-left : 1.92%;}@media only screen and (max-width:1024px) {.fusion-body .fusion-builder-column-0{width:100% !important;order : 0;}.fusion-builder-column-0 > .fusion-column-wrapper {margin-right : 1.92%;margin-left : 1.92%;}}@media only screen and (max-width:640px) {.fusion-body .fusion-builder-column-0{width:100% !important;order : 0;}.fusion-builder-column-0 > .fusion-column-wrapper {margin-right : 1.92%;margin-left : 1.92%;}}<\/style><\/div><\/div><style type=\"text\/css\">.fusion-body .fusion-flex-container.fusion-builder-row-1{ padding-top : 0px;margin-top : 0px;padding-right : 0px;padding-bottom : 0px;margin-bottom : 0px;padding-left : 0px;}<\/style><\/div>\n","protected":false},"excerpt":{"rendered":"","protected":false},"author":1,"featured_media":0,"parent":0,"menu_order":0,"comment_status":"closed","ping_status":"closed","template":"100-width.php","meta":[],"yoast_head":"<!-- This site is optimized with the Yoast SEO plugin v17.5 - https:\/\/yoast.com\/wordpress\/plugins\/seo\/ -->\n<title>Seychelles - Paradise Chalets Seychelles<\/title>\n<meta name=\"robots\" content=\"index, follow, max-snippet:-1, max-image-preview:large, max-video-preview:-1\" \/>\n<link rel=\"canonical\" href=\"https:\/\/www.paradisechalets.sc\/fr\/seychelles\/\" \/>\n<meta property=\"og:locale\" content=\"fr_FR\" \/>\n<meta property=\"og:type\" content=\"article\" \/>\n<meta property=\"og:title\" content=\"Seychelles - Paradise Chalets Seychelles\" \/>\n<meta property=\"og:url\" content=\"https:\/\/www.paradisechalets.sc\/seychelles\/\" \/>\n<meta property=\"og:site_name\" content=\"Paradise Chalets Seychelles\" \/>\n<meta property=\"article:modified_time\" content=\"2024-02-15T15:40:14+00:00\" \/>\n<meta name=\"twitter:card\" content=\"summary_large_image\" \/>\n<meta name=\"twitter:label1\" content=\"Dur\u00e9e de lecture est.\" \/>\n\t<meta name=\"twitter:data1\" content=\"5 minutes\" \/>\n<script type=\"application\/ld+json\" class=\"yoast-schema-graph\">{\"@context\":\"https:\/\/schema.org\",\"@graph\":[{\"@type\":\"WebSite\",\"@id\":\"https:\/\/www.paradisechalets.sc\/#website\",\"url\":\"https:\/\/www.paradisechalets.sc\/\",\"name\":\"Paradise Chalets Seychelles\",\"description\":\"Yoga and Wellness in Seychelles\",\"potentialAction\":[{\"@type\":\"SearchAction\",\"target\":{\"@type\":\"EntryPoint\",\"urlTemplate\":\"https:\/\/www.paradisechalets.sc\/?s={search_term_string}\"},\"query-input\":\"required name=search_term_string\"}],\"inLanguage\":\"fr-FR\"},{\"@type\":\"WebPage\",\"@id\":\"https:\/\/www.paradisechalets.sc\/seychelles\/#webpage\",\"url\":\"https:\/\/www.paradisechalets.sc\/seychelles\/\",\"name\":\"Seychelles - Paradise Chalets Seychelles\",\"isPartOf\":{\"@id\":\"https:\/\/www.paradisechalets.sc\/#website\"},\"datePublished\":\"2020-12-09T10:56:23+00:00\",\"dateModified\":\"2024-02-15T15:40:14+00:00\",\"breadcrumb\":{\"@id\":\"https:\/\/www.paradisechalets.sc\/seychelles\/#breadcrumb\"},\"inLanguage\":\"fr-FR\",\"potentialAction\":[{\"@type\":\"ReadAction\",\"target\":[\"https:\/\/www.paradisechalets.sc\/seychelles\/\"]}]},{\"@type\":\"BreadcrumbList\",\"@id\":\"https:\/\/www.paradisechalets.sc\/seychelles\/#breadcrumb\",\"itemListElement\":[{\"@type\":\"ListItem\",\"position\":1,\"name\":\"Home\",\"item\":\"https:\/\/www.paradisechalets.sc\/fr\/\"},{\"@type\":\"ListItem\",\"position\":2,\"name\":\"Seychelles\"}]}]}<\/script>\n<!-- \/ Yoast SEO plugin. -->","yoast_head_json":{"title":"Seychelles - Paradise Chalets Seychelles","robots":{"index":"index","follow":"follow","max-snippet":"max-snippet:-1","max-image-preview":"max-image-preview:large","max-video-preview":"max-video-preview:-1"},"canonical":"https:\/\/www.paradisechalets.sc\/fr\/seychelles\/","og_locale":"fr_FR","og_type":"article","og_title":"Seychelles - Paradise Chalets Seychelles","og_url":"https:\/\/www.paradisechalets.sc\/seychelles\/","og_site_name":"Paradise Chalets Seychelles","article_modified_time":"2024-02-15T15:40:14+00:00","twitter_card":"summary_large_image","twitter_misc":{"Dur\u00e9e de lecture est.":"5 minutes"},"schema":{"@context":"https:\/\/schema.org","@graph":[{"@type":"WebSite","@id":"https:\/\/www.paradisechalets.sc\/#website","url":"https:\/\/www.paradisechalets.sc\/","name":"Paradise Chalets Seychelles","description":"Yoga and Wellness in Seychelles","potentialAction":[{"@type":"SearchAction","target":{"@type":"EntryPoint","urlTemplate":"https:\/\/www.paradisechalets.sc\/?s={search_term_string}"},"query-input":"required name=search_term_string"}],"inLanguage":"fr-FR"},{"@type":"WebPage","@id":"https:\/\/www.paradisechalets.sc\/seychelles\/#webpage","url":"https:\/\/www.paradisechalets.sc\/seychelles\/","name":"Seychelles - Paradise Chalets Seychelles","isPartOf":{"@id":"https:\/\/www.paradisechalets.sc\/#website"},"datePublished":"2020-12-09T10:56:23+00:00","dateModified":"2024-02-15T15:40:14+00:00","breadcrumb":{"@id":"https:\/\/www.paradisechalets.sc\/seychelles\/#breadcrumb"},"inLanguage":"fr-FR","potentialAction":[{"@type":"ReadAction","target":["https:\/\/www.paradisechalets.sc\/seychelles\/"]}]},{"@type":"BreadcrumbList","@id":"https:\/\/www.paradisechalets.sc\/seychelles\/#breadcrumb","itemListElement":[{"@type":"ListItem","position":1,"name":"Home","item":"https:\/\/www.paradisechalets.sc\/fr\/"},{"@type":"ListItem","position":2,"name":"Seychelles"}]}]}},"_links":{"self":[{"href":"https:\/\/www.paradisechalets.sc\/fr\/wp-json\/wp\/v2\/pages\/2538"}],"collection":[{"href":"https:\/\/www.paradisechalets.sc\/fr\/wp-json\/wp\/v2\/pages"}],"about":[{"href":"https:\/\/www.paradisechalets.sc\/fr\/wp-json\/wp\/v2\/types\/page"}],"author":[{"embeddable":true,"href":"https:\/\/www.paradisechalets.sc\/fr\/wp-json\/wp\/v2\/users\/1"}],"replies":[{"embeddable":true,"href":"https:\/\/www.paradisechalets.sc\/fr\/wp-json\/wp\/v2\/comments?post=2538"}],"version-history":[{"count":4,"href":"https:\/\/www.paradisechalets.sc\/fr\/wp-json\/wp\/v2\/pages\/2538\/revisions"}],"predecessor-version":[{"id":5413,"href":"https:\/\/www.paradisechalets.sc\/fr\/wp-json\/wp\/v2\/pages\/2538\/revisions\/5413"}],"wp:attachment":[{"href":"https:\/\/www.paradisechalets.sc\/fr\/wp-json\/wp\/v2\/media?parent=2538"}],"curies":[{"name":"wp","href":"https:\/\/api.w.org\/{rel}","templated":true}]}}