{"id":2548,"date":"2020-12-09T10:59:21","date_gmt":"2020-12-09T10:59:21","guid":{"rendered":"http:\/\/paradise.whl-staging.com\/reservations\/"},"modified":"2024-02-16T22:00:39","modified_gmt":"2024-02-16T22:00:39","slug":"reservations","status":"publish","type":"page","link":"https:\/\/www.paradisechalets.sc\/fr\/reservations\/","title":{"rendered":"R\u00e9servations"},"content":{"rendered":"<div class=\"fusion-fullwidth fullwidth-box fusion-builder-row-1 fusion-flex-container nonhundred-percent-fullwidth non-hundred-percent-height-scrolling\" style=\"background-color: #ffffff;background-position: center center;background-repeat: no-repeat;border-width: 0px 0px 0px 0px;border-color:#eae9e9;border-style:solid;\" ><div class=\"fusion-builder-row fusion-row fusion-flex-align-items-flex-start\" style=\"max-width:1216.8px;margin-left: calc(-4% \/ 2 );margin-right: calc(-4% \/ 2 );\"><div class=\"fusion-layout-column fusion_builder_column fusion-builder-column-0 fusion_builder_column_1_1 1_1 fusion-flex-column\"><div class=\"fusion-column-wrapper fusion-flex-justify-content-flex-start fusion-content-layout-column\" style=\"background-position:left top;background-repeat:no-repeat;-webkit-background-size:cover;-moz-background-size:cover;-o-background-size:cover;background-size:cover;padding: 0px 0px 0px 0px;\"><div class=\"fusion-text fusion-text-1\"><p>Notre cours de yoga en interne sera temporairement indisponible \u00e0 partir du 29 f\u00e9vrier. Veuillez consulter notre page de yoga pour les mises \u00e0 jour.<\/p>\n<\/div><div class=\"hbe-bws\"> <section id=\"hbe-bws-page\"><div id=\"hbe-bws-wrapper\"> <\/div><\/section><\/div><link type=\"text\/css\" rel=\"stylesheet\" href=\"\/\/book.securebookings.net\/css\/app.css\" \/><script type=\"text\/javascript\" src=\"\/\/book.securebookings.net\/js\/widget.all.js\"><\/script><script type=\"text\/javascript\" src=\"\/\/book.securebookings.net\/widgetCustomize?lang=fr&widgetType=Widget&id=77121de7-90da-1600069173-43d5-9a06-6e4c5ffda5b5&ajax=true\"><\/script><\/div><style type=\"text\/css\">.fusion-body .fusion-builder-column-0{width:100% !important;margin-top : 0px;margin-bottom : 20px;}.fusion-builder-column-0 > .fusion-column-wrapper {padding-top : 0px !important;padding-right : 0px !important;margin-right : 1.92%;padding-bottom : 0px !important;padding-left : 0px !important;margin-left : 1.92%;}@media only screen and (max-width:1024px) {.fusion-body .fusion-builder-column-0{width:100% !important;order : 0;}.fusion-builder-column-0 > .fusion-column-wrapper {margin-right : 1.92%;margin-left : 1.92%;}}@media only screen and (max-width:640px) {.fusion-body .fusion-builder-column-0{width:100% !important;order : 0;}.fusion-builder-column-0 > .fusion-column-wrapper {margin-right : 1.92%;margin-left : 1.92%;}}<\/style><\/div><\/div><style type=\"text\/css\">.fusion-body .fusion-flex-container.fusion-builder-row-1{ padding-top : 0px;margin-top : 0px;padding-right : 0px;padding-bottom : 0px;margin-bottom : 0px;padding-left : 0px;}<\/style><\/div>\n","protected":false},"excerpt":{"rendered":"","protected":false},"author":1,"featured_media":0,"parent":0,"menu_order":0,"comment_status":"closed","ping_status":"closed","template":"100-width.php","meta":[],"yoast_head":"<!-- This site is optimized with the Yoast SEO plugin v17.5 - https:\/\/yoast.com\/wordpress\/plugins\/seo\/ -->\n<title>R\u00e9servations - Paradise Chalets Seychelles<\/title>\n<meta name=\"robots\" content=\"index, follow, max-snippet:-1, max-image-preview:large, max-video-preview:-1\" \/>\n<link rel=\"canonical\" href=\"https:\/\/www.paradisechalets.sc\/fr\/reservations\/\" \/>\n<meta property=\"og:locale\" content=\"fr_FR\" \/>\n<meta property=\"og:type\" content=\"article\" \/>\n<meta property=\"og:title\" content=\"R\u00e9servations - Paradise Chalets Seychelles\" \/>\n<meta property=\"og:url\" content=\"https:\/\/www.paradisechalets.sc\/reservations\/\" \/>\n<meta property=\"og:site_name\" content=\"Paradise Chalets Seychelles\" \/>\n<meta property=\"article:modified_time\" content=\"2024-02-16T22:00:39+00:00\" \/>\n<meta name=\"twitter:card\" content=\"summary_large_image\" \/>\n<meta name=\"twitter:label1\" content=\"Dur\u00e9e de lecture est.\" \/>\n\t<meta name=\"twitter:data1\" content=\"4 minutes\" \/>\n<script type=\"application\/ld+json\" class=\"yoast-schema-graph\">{\"@context\":\"https:\/\/schema.org\",\"@graph\":[{\"@type\":\"WebSite\",\"@id\":\"https:\/\/www.paradisechalets.sc\/#website\",\"url\":\"https:\/\/www.paradisechalets.sc\/\",\"name\":\"Paradise Chalets Seychelles\",\"description\":\"Yoga and Wellness in Seychelles\",\"potentialAction\":[{\"@type\":\"SearchAction\",\"target\":{\"@type\":\"EntryPoint\",\"urlTemplate\":\"https:\/\/www.paradisechalets.sc\/?s={search_term_string}\"},\"query-input\":\"required name=search_term_string\"}],\"inLanguage\":\"fr-FR\"},{\"@type\":\"WebPage\",\"@id\":\"https:\/\/www.paradisechalets.sc\/reservations\/#webpage\",\"url\":\"https:\/\/www.paradisechalets.sc\/reservations\/\",\"name\":\"R\\u00e9servations - Paradise Chalets Seychelles\",\"isPartOf\":{\"@id\":\"https:\/\/www.paradisechalets.sc\/#website\"},\"datePublished\":\"2020-12-09T10:59:21+00:00\",\"dateModified\":\"2024-02-16T22:00:39+00:00\",\"breadcrumb\":{\"@id\":\"https:\/\/www.paradisechalets.sc\/reservations\/#breadcrumb\"},\"inLanguage\":\"fr-FR\",\"potentialAction\":[{\"@type\":\"ReadAction\",\"target\":[\"https:\/\/www.paradisechalets.sc\/reservations\/\"]}]},{\"@type\":\"BreadcrumbList\",\"@id\":\"https:\/\/www.paradisechalets.sc\/reservations\/#breadcrumb\",\"itemListElement\":[{\"@type\":\"ListItem\",\"position\":1,\"name\":\"Home\",\"item\":\"https:\/\/www.paradisechalets.sc\/fr\/\"},{\"@type\":\"ListItem\",\"position\":2,\"name\":\"R\\u00e9servations\"}]}]}<\/script>\n<!-- \/ Yoast SEO plugin. -->","yoast_head_json":{"title":"R\u00e9servations - Paradise Chalets Seychelles","robots":{"index":"index","follow":"follow","max-snippet":"max-snippet:-1","max-image-preview":"max-image-preview:large","max-video-preview":"max-video-preview:-1"},"canonical":"https:\/\/www.paradisechalets.sc\/fr\/reservations\/","og_locale":"fr_FR","og_type":"article","og_title":"R\u00e9servations - Paradise Chalets Seychelles","og_url":"https:\/\/www.paradisechalets.sc\/reservations\/","og_site_name":"Paradise Chalets Seychelles","article_modified_time":"2024-02-16T22:00:39+00:00","twitter_card":"summary_large_image","twitter_misc":{"Dur\u00e9e de lecture est.":"4 minutes"},"schema":{"@context":"https:\/\/schema.org","@graph":[{"@type":"WebSite","@id":"https:\/\/www.paradisechalets.sc\/#website","url":"https:\/\/www.paradisechalets.sc\/","name":"Paradise Chalets Seychelles","description":"Yoga and Wellness in Seychelles","potentialAction":[{"@type":"SearchAction","target":{"@type":"EntryPoint","urlTemplate":"https:\/\/www.paradisechalets.sc\/?s={search_term_string}"},"query-input":"required name=search_term_string"}],"inLanguage":"fr-FR"},{"@type":"WebPage","@id":"https:\/\/www.paradisechalets.sc\/reservations\/#webpage","url":"https:\/\/www.paradisechalets.sc\/reservations\/","name":"R\u00e9servations - Paradise Chalets Seychelles","isPartOf":{"@id":"https:\/\/www.paradisechalets.sc\/#website"},"datePublished":"2020-12-09T10:59:21+00:00","dateModified":"2024-02-16T22:00:39+00:00","breadcrumb":{"@id":"https:\/\/www.paradisechalets.sc\/reservations\/#breadcrumb"},"inLanguage":"fr-FR","potentialAction":[{"@type":"ReadAction","target":["https:\/\/www.paradisechalets.sc\/reservations\/"]}]},{"@type":"BreadcrumbList","@id":"https:\/\/www.paradisechalets.sc\/reservations\/#breadcrumb","itemListElement":[{"@type":"ListItem","position":1,"name":"Home","item":"https:\/\/www.paradisechalets.sc\/fr\/"},{"@type":"ListItem","position":2,"name":"R\u00e9servations"}]}]}},"_links":{"self":[{"href":"https:\/\/www.paradisechalets.sc\/fr\/wp-json\/wp\/v2\/pages\/2548"}],"collection":[{"href":"https:\/\/www.paradisechalets.sc\/fr\/wp-json\/wp\/v2\/pages"}],"about":[{"href":"https:\/\/www.paradisechalets.sc\/fr\/wp-json\/wp\/v2\/types\/page"}],"author":[{"embeddable":true,"href":"https:\/\/www.paradisechalets.sc\/fr\/wp-json\/wp\/v2\/users\/1"}],"replies":[{"embeddable":true,"href":"https:\/\/www.paradisechalets.sc\/fr\/wp-json\/wp\/v2\/comments?post=2548"}],"version-history":[{"count":6,"href":"https:\/\/www.paradisechalets.sc\/fr\/wp-json\/wp\/v2\/pages\/2548\/revisions"}],"predecessor-version":[{"id":5514,"href":"https:\/\/www.paradisechalets.sc\/fr\/wp-json\/wp\/v2\/pages\/2548\/revisions\/5514"}],"wp:attachment":[{"href":"https:\/\/www.paradisechalets.sc\/fr\/wp-json\/wp\/v2\/media?parent=2548"}],"curies":[{"name":"wp","href":"https:\/\/api.w.org\/{rel}","templated":true}]}}